{"id":153,"date":"2024-05-15T09:47:19","date_gmt":"2024-05-15T07:47:19","guid":{"rendered":"http:\/\/localhost\/cafdo\/?page_id=153"},"modified":"2024-05-24T19:33:06","modified_gmt":"2024-05-24T17:33:06","slug":"153-2","status":"publish","type":"page","link":"https:\/\/www.cafdo.africa\/?page_id=153","title":{"rendered":"A propos"},"content":{"rendered":"<p>[et_pb_section fb_built=\u00a0\u00bb1&Prime; admin_label=\u00a0\u00bbHeader\u00a0\u00bb _builder_version=\u00a0\u00bb4.25.1&Prime; _module_preset=\u00a0\u00bbdefault\u00a0\u00bb background_color=\u00a0\u00bbrgba(160,220,255,0.92)\u00a0\u00bb global_colors_info=\u00a0\u00bb{}\u00a0\u00bb][et_pb_row column_structure=\u00a0\u00bb1_2,1_2&Prime; _builder_version=\u00a0\u00bb4.16&Prime; _module_preset=\u00a0\u00bbdefault\u00a0\u00bb global_colors_info=\u00a0\u00bb{}\u00a0\u00bb][et_pb_column type=\u00a0\u00bb1_2&Prime; _builder_version=\u00a0\u00bb4.16&Prime; _module_preset=\u00a0\u00bbdefault\u00a0\u00bb global_colors_info=\u00a0\u00bb{}\u00a0\u00bb][et_pb_text _builder_version=\u00a0\u00bb4.16&Prime; _module_preset=\u00a0\u00bbdf96b77a-cd4f-44a8-a771-2d6347592b53&Prime; header_2_font=\u00a0\u00bbDM Sans||||||||\u00a0\u00bb header_2_text_color=\u00a0\u00bb#093532&Prime; header_2_font_size=\u00a0\u00bb50px\u00a0\u00bb header_2_letter_spacing=\u00a0\u00bb-0.02em\u00a0\u00bb header_2_line_height=\u00a0\u00bb1.15em\u00a0\u00bb header_2_font_size_tablet=\u00a0\u00bb32px\u00a0\u00bb header_2_font_size_phone=\u00a0\u00bb20px\u00a0\u00bb header_2_font_size_last_edited=\u00a0\u00bbon|desktop\u00a0\u00bb locked=\u00a0\u00bboff\u00a0\u00bb global_colors_info=\u00a0\u00bb{}\u00a0\u00bb]<\/p>\n<h2>Qui sommes-nous?<\/h2>\n<p>[\/et_pb_text][et_pb_text _builder_version=\u00a0\u00bb4.16&Prime; _module_preset=\u00a0\u00bb5ff55506-da7d-4dd7-b409-9d62c7203201&Prime; text_font=\u00a0\u00bbDM Sans||||||||\u00a0\u00bb text_text_color=\u00a0\u00bb#0F393B\u00a0\u00bb text_font_size=\u00a0\u00bb16px\u00a0\u00bb text_line_height=\u00a0\u00bb1.8em\u00a0\u00bb text_font_size_tablet=\u00a0\u00bb15px\u00a0\u00bb text_font_size_phone=\u00a0\u00bb14px\u00a0\u00bb text_font_size_last_edited=\u00a0\u00bbon|phone\u00a0\u00bb header_font_size_tablet=\u00a0\u00bb55px\u00a0\u00bb header_font_size_last_edited=\u00a0\u00bboff|desktop\u00a0\u00bb locked=\u00a0\u00bboff\u00a0\u00bb global_colors_info=\u00a0\u00bb{}\u00a0\u00bb]<\/p>\n<p style=\"text-align: justify;\">La CAFDO est une initiative d\u00e9di\u00e9e \u00e0 la promotion et au renforcement de l&rsquo;ouverture des donn\u00e9es \u00e0 travers la r\u00e9gion francophone du continent africain. Fond\u00e9e sur les principes de transparence, de collaboration et d&rsquo;innovation, la CAFDO vise \u00e0 am\u00e9liorer l&rsquo;acc\u00e8s aux donn\u00e9es publiques et \u00e0 encourager leur utilisation pour le d\u00e9veloppement durable. En r\u00e9unissant des experts, des d\u00e9cideurs, des chercheurs et des innovateurs, la CAFDO sert de plateforme pour \u00e9changer des id\u00e9es, partager des meilleures pratiques et d\u00e9velopper des solutions concr\u00e8tes pour les d\u00e9fis rencontr\u00e9s dans la gestion des donn\u00e9es ouvertes.<\/p>\n<p>[\/et_pb_text][\/et_pb_column][et_pb_column type=\u00a0\u00bb1_2&Prime; _builder_version=\u00a0\u00bb4.16&Prime; _module_preset=\u00a0\u00bbdefault\u00a0\u00bb global_colors_info=\u00a0\u00bb{}\u00a0\u00bb][et_pb_image src=\u00a0\u00bbhttp:\/\/localhost\/cafdo\/wp-content\/uploads\/2024\/05\/reseauv2.png\u00a0\u00bb title_text=\u00a0\u00bbreseauv2&Prime; _builder_version=\u00a0\u00bb4.25.1&Prime; _module_preset=\u00a0\u00bbdefault\u00a0\u00bb hover_enabled=\u00a0\u00bb0&Prime; locked=\u00a0\u00bboff\u00a0\u00bb global_colors_info=\u00a0\u00bb{}\u00a0\u00bb sticky_enabled=\u00a0\u00bb0&Prime;][\/et_pb_image][\/et_pb_column][\/et_pb_row][\/et_pb_section][et_pb_section fb_built=\u00a0\u00bb1&Prime; admin_label=\u00a0\u00bbFeatures\u00a0\u00bb _builder_version=\u00a0\u00bb4.25.1&Prime; _module_preset=\u00a0\u00bbdefault\u00a0\u00bb background_color=\u00a0\u00bbrgba(160,220,255,0.92)\u00a0\u00bb global_colors_info=\u00a0\u00bb{}\u00a0\u00bb][et_pb_row column_structure=\u00a0\u00bb1_3,1_3,1_3&Prime; custom_padding_last_edited=\u00a0\u00bbon|phone\u00a0\u00bb _builder_version=\u00a0\u00bb4.16&Prime; _module_preset=\u00a0\u00bbdefault\u00a0\u00bb background_color=\u00a0\u00bb#f2ebe4&Prime; width=\u00a0\u00bb90%\u00a0\u00bb overflow-x=\u00a0\u00bbvisible\u00a0\u00bb overflow-y=\u00a0\u00bbvisible\u00a0\u00bb custom_padding=\u00a0\u00bb60px|60px|60px|60px|true|true\u00a0\u00bb custom_padding_tablet=\u00a0\u00bb40px|30px|40px|30px|true|true\u00a0\u00bb custom_padding_phone=\u00a0\u00bb|20px||20px|true|true\u00a0\u00bb border_radii=\u00a0\u00bbon|20px|20px|20px|20px\u00a0\u00bb locked=\u00a0\u00bboff\u00a0\u00bb global_colors_info=\u00a0\u00bb{}\u00a0\u00bb][et_pb_column type=\u00a0\u00bb1_3&Prime; _builder_version=\u00a0\u00bb4.16&Prime; _module_preset=\u00a0\u00bbdefault\u00a0\u00bb global_colors_info=\u00a0\u00bb{}\u00a0\u00bb][et_pb_blurb title=\u00a0\u00bbCommunaut\u00e9\u00a0\u00bb image=\u00a0\u00bbhttp:\/\/localhost\/cafdo\/wp-content\/uploads\/2024\/05\/communaute2-e1716556465449.png\u00a0\u00bb icon_alignment=\u00a0\u00bbleft\u00a0\u00bb content_max_width=\u00a0\u00bb100%\u00a0\u00bb _builder_version=\u00a0\u00bb4.25.1&Prime; _module_preset=\u00a0\u00bb58e41a12-d2dc-4bc3-82a3-e7e2a77a32bd\u00a0\u00bb header_font=\u00a0\u00bbDM Sans|700|||||||\u00a0\u00bb header_text_color=\u00a0\u00bb#093532&Prime; header_font_size=\u00a0\u00bb20px\u00a0\u00bb header_line_height=\u00a0\u00bb1.2em\u00a0\u00bb body_font=\u00a0\u00bbDM Sans||||||||\u00a0\u00bb body_text_color=\u00a0\u00bb#6b8483&Prime; body_font_size=\u00a0\u00bb16px\u00a0\u00bb custom_margin=\u00a0\u00bb||||false|false\u00a0\u00bb custom_padding=\u00a0\u00bb||||false|false\u00a0\u00bb animation=\u00a0\u00bboff\u00a0\u00bb header_font_size_tablet=\u00a0\u00bb18px\u00a0\u00bb header_font_size_phone=\u00a0\u00bb16px\u00a0\u00bb header_font_size_last_edited=\u00a0\u00bbon|desktop\u00a0\u00bb body_font_size_tablet=\u00a0\u00bb15px\u00a0\u00bb body_font_size_phone=\u00a0\u00bb13px\u00a0\u00bb body_font_size_last_edited=\u00a0\u00bbon|phone\u00a0\u00bb border_width_bottom=\u00a0\u00bb0px\u00a0\u00bb border_color_bottom=\u00a0\u00bbrgba(0,0,0,0.12)\u00a0\u00bb locked=\u00a0\u00bboff\u00a0\u00bb global_colors_info=\u00a0\u00bb{}\u00a0\u00bb]<\/p>\n<p style=\"text-align: justify;\">La CAFDO comme Communaut\u00e9 est n\u00e9e de la premi\u00e8re conf\u00e9rence, tenue \u00e0 Ouagadougou en juin 2017. Elle est compos\u00e9e d&rsquo;acteurs des donnees ouvertes pays de l\u2019Afrique francophone.<\/p>\n<p>[\/et_pb_blurb][\/et_pb_column][et_pb_column type=\u00a0\u00bb1_3&Prime; _builder_version=\u00a0\u00bb4.16&Prime; _module_preset=\u00a0\u00bbdefault\u00a0\u00bb global_colors_info=\u00a0\u00bb{}\u00a0\u00bb][et_pb_blurb title=\u00a0\u00bbCoordination\u00a0\u00bb image=\u00a0\u00bbhttp:\/\/localhost\/cafdo\/wp-content\/uploads\/2024\/05\/coordo-e1716557029461.png\u00a0\u00bb icon_alignment=\u00a0\u00bbleft\u00a0\u00bb content_max_width=\u00a0\u00bb100%\u00a0\u00bb _builder_version=\u00a0\u00bb4.25.1&Prime; _module_preset=\u00a0\u00bb58e41a12-d2dc-4bc3-82a3-e7e2a77a32bd\u00a0\u00bb header_font=\u00a0\u00bbDM Sans|700|||||||\u00a0\u00bb header_text_color=\u00a0\u00bb#093532&Prime; header_font_size=\u00a0\u00bb20px\u00a0\u00bb header_line_height=\u00a0\u00bb1.2em\u00a0\u00bb body_font=\u00a0\u00bbDM Sans||||||||\u00a0\u00bb body_text_color=\u00a0\u00bb#6b8483&Prime; body_font_size=\u00a0\u00bb16px\u00a0\u00bb custom_margin=\u00a0\u00bb||||false|false\u00a0\u00bb custom_padding=\u00a0\u00bb||||false|false\u00a0\u00bb animation=\u00a0\u00bboff\u00a0\u00bb header_font_size_tablet=\u00a0\u00bb18px\u00a0\u00bb header_font_size_phone=\u00a0\u00bb16px\u00a0\u00bb header_font_size_last_edited=\u00a0\u00bbon|desktop\u00a0\u00bb body_font_size_tablet=\u00a0\u00bb15px\u00a0\u00bb body_font_size_phone=\u00a0\u00bb13px\u00a0\u00bb body_font_size_last_edited=\u00a0\u00bbon|phone\u00a0\u00bb border_width_bottom=\u00a0\u00bb0px\u00a0\u00bb border_color_bottom=\u00a0\u00bbrgba(0,0,0,0.12)\u00a0\u00bb locked=\u00a0\u00bboff\u00a0\u00bb global_colors_info=\u00a0\u00bb{}\u00a0\u00bb]<\/p>\n<p style=\"text-align: justify;\">La Coordination de la communaut\u00e9 est assur\u00e9e par un secr\u00e9tariat log\u00e9 au sein de l&rsquo;association Open Burkina. Elle met en \u0153uvre les projets au b\u00e9n\u00e9fice des membres de la communaut\u00e9.<\/p>\n<p>[\/et_pb_blurb][\/et_pb_column][et_pb_column type=\u00a0\u00bb1_3&Prime; _builder_version=\u00a0\u00bb4.16&Prime; _module_preset=\u00a0\u00bbdefault\u00a0\u00bb global_colors_info=\u00a0\u00bb{}\u00a0\u00bb][et_pb_blurb title=\u00a0\u00bbConf\u00e9rence\u00a0\u00bb image=\u00a0\u00bbhttp:\/\/localhost\/cafdo\/wp-content\/uploads\/2024\/05\/Conference-Photoroom.png-Photoroom-e1716549008108.png\u00a0\u00bb icon_alignment=\u00a0\u00bbleft\u00a0\u00bb content_max_width=\u00a0\u00bb100%\u00a0\u00bb _builder_version=\u00a0\u00bb4.25.1&Prime; _module_preset=\u00a0\u00bb58e41a12-d2dc-4bc3-82a3-e7e2a77a32bd\u00a0\u00bb header_font=\u00a0\u00bbDM Sans|700|||||||\u00a0\u00bb header_text_color=\u00a0\u00bb#093532&Prime; header_font_size=\u00a0\u00bb20px\u00a0\u00bb header_line_height=\u00a0\u00bb1.2em\u00a0\u00bb body_font=\u00a0\u00bbDM Sans||||||||\u00a0\u00bb body_text_color=\u00a0\u00bb#6b8483&Prime; body_font_size=\u00a0\u00bb16px\u00a0\u00bb custom_margin=\u00a0\u00bb||||false|false\u00a0\u00bb custom_padding=\u00a0\u00bb||||false|false\u00a0\u00bb animation=\u00a0\u00bboff\u00a0\u00bb header_font_size_tablet=\u00a0\u00bb18px\u00a0\u00bb header_font_size_phone=\u00a0\u00bb16px\u00a0\u00bb header_font_size_last_edited=\u00a0\u00bbon|desktop\u00a0\u00bb body_font_size_tablet=\u00a0\u00bb15px\u00a0\u00bb body_font_size_phone=\u00a0\u00bb13px\u00a0\u00bb body_font_size_last_edited=\u00a0\u00bbon|phone\u00a0\u00bb border_width_bottom=\u00a0\u00bb0px\u00a0\u00bb border_color_bottom=\u00a0\u00bbrgba(0,0,0,0.12)\u00a0\u00bb locked=\u00a0\u00bboff\u00a0\u00bb global_colors_info=\u00a0\u00bb{}\u00a0\u00bb]<\/p>\n<p style=\"text-align: justify;\">La conf\u00e9rence CAFDO est une rencontre des membres de la communaut\u00e9 CAFDO. Elle permet de se retrouver pour apprendre ensemble et organiser le futur des donn\u00e9es ouvertes dans notre r\u00e9gion.<\/p>\n<p>[\/et_pb_blurb][\/et_pb_column][\/et_pb_row][\/et_pb_section][et_pb_section fb_built=\u00a0\u00bb1&Prime; admin_label=\u00a0\u00bbMission\u00a0\u00bb _builder_version=\u00a0\u00bb4.25.1&Prime; _module_preset=\u00a0\u00bbdefault\u00a0\u00bb background_color=\u00a0\u00bbrgba(160,220,255,0.92)\u00a0\u00bb global_colors_info=\u00a0\u00bb{}\u00a0\u00bb][et_pb_row column_structure=\u00a0\u00bb1_2,1_2&Prime; custom_padding_last_edited=\u00a0\u00bbon|tablet\u00a0\u00bb _builder_version=\u00a0\u00bb4.25.1&Prime; _module_preset=\u00a0\u00bbdefault\u00a0\u00bb background_color=\u00a0\u00bb#2a6355&Prime; overflow-x=\u00a0\u00bbvisible\u00a0\u00bb overflow-y=\u00a0\u00bbvisible\u00a0\u00bb custom_padding=\u00a0\u00bb40px|40px|40px|40px|true|true\u00a0\u00bb custom_padding_tablet=\u00a0\u00bb|30px||30px|true|true\u00a0\u00bb custom_padding_phone=\u00a0\u00bb|20px||20px|false|true\u00a0\u00bb border_radii=\u00a0\u00bbon|20px|20px|20px|20px\u00a0\u00bb global_colors_info=\u00a0\u00bb{}\u00a0\u00bb][et_pb_column type=\u00a0\u00bb1_2&Prime; _builder_version=\u00a0\u00bb4.16&Prime; _module_preset=\u00a0\u00bbdefault\u00a0\u00bb global_colors_info=\u00a0\u00bb{}\u00a0\u00bb][et_pb_blurb title=\u00a0\u00bbNotre mission\u00a0\u00bb icon_alignment=\u00a0\u00bbleft\u00a0\u00bb content_max_width=\u00a0\u00bb100%\u00a0\u00bb _builder_version=\u00a0\u00bb4.25.1&Prime; _module_preset=\u00a0\u00bb58e41a12-d2dc-4bc3-82a3-e7e2a77a32bd\u00a0\u00bb header_font=\u00a0\u00bbDM Sans|700|||||||\u00a0\u00bb header_text_color=\u00a0\u00bb#FFFFFF\u00a0\u00bb header_font_size=\u00a0\u00bb20px\u00a0\u00bb header_line_height=\u00a0\u00bb1.2em\u00a0\u00bb body_font=\u00a0\u00bbDM Sans||||||||\u00a0\u00bb body_text_color=\u00a0\u00bb#F2EBE4&Prime; body_font_size=\u00a0\u00bb16px\u00a0\u00bb custom_margin=\u00a0\u00bb||||false|false\u00a0\u00bb custom_padding=\u00a0\u00bb||||false|false\u00a0\u00bb animation=\u00a0\u00bboff\u00a0\u00bb header_font_size_tablet=\u00a0\u00bb18px\u00a0\u00bb header_font_size_phone=\u00a0\u00bb16px\u00a0\u00bb header_font_size_last_edited=\u00a0\u00bbon|desktop\u00a0\u00bb body_font_size_tablet=\u00a0\u00bb15px\u00a0\u00bb body_font_size_phone=\u00a0\u00bb13px\u00a0\u00bb body_font_size_last_edited=\u00a0\u00bbon|phone\u00a0\u00bb border_width_bottom=\u00a0\u00bb0px\u00a0\u00bb border_color_bottom=\u00a0\u00bbrgba(0,0,0,0.12)\u00a0\u00bb global_colors_info=\u00a0\u00bb{}\u00a0\u00bb]<\/p>\n<p style=\"text-align: justify;\">Sa mission est de cr\u00e9er les conditions pour un plus grand impact des donn\u00e9es ouvertes dans les pays<br \/>francophones d\u2019Afrique<\/p>\n<p>[\/et_pb_blurb][\/et_pb_column][et_pb_column type=\u00a0\u00bb1_2&Prime; _builder_version=\u00a0\u00bb4.16&Prime; _module_preset=\u00a0\u00bbdefault\u00a0\u00bb global_colors_info=\u00a0\u00bb{}\u00a0\u00bb][et_pb_blurb title=\u00a0\u00bbNotre vision\u00a0\u00bb icon_alignment=\u00a0\u00bbleft\u00a0\u00bb content_max_width=\u00a0\u00bb100%\u00a0\u00bb _builder_version=\u00a0\u00bb4.25.1&Prime; _module_preset=\u00a0\u00bb58e41a12-d2dc-4bc3-82a3-e7e2a77a32bd\u00a0\u00bb header_font=\u00a0\u00bbDM Sans|700|||||||\u00a0\u00bb header_text_color=\u00a0\u00bb#FFFFFF\u00a0\u00bb header_font_size=\u00a0\u00bb20px\u00a0\u00bb header_line_height=\u00a0\u00bb1.2em\u00a0\u00bb body_font=\u00a0\u00bbDM Sans||||||||\u00a0\u00bb body_text_color=\u00a0\u00bb#F2EBE4&Prime; body_font_size=\u00a0\u00bb16px\u00a0\u00bb custom_margin=\u00a0\u00bb||||false|false\u00a0\u00bb custom_padding=\u00a0\u00bb||||false|false\u00a0\u00bb animation=\u00a0\u00bboff\u00a0\u00bb header_font_size_tablet=\u00a0\u00bb18px\u00a0\u00bb header_font_size_phone=\u00a0\u00bb16px\u00a0\u00bb header_font_size_last_edited=\u00a0\u00bbon|desktop\u00a0\u00bb body_font_size_tablet=\u00a0\u00bb15px\u00a0\u00bb body_font_size_phone=\u00a0\u00bb13px\u00a0\u00bb body_font_size_last_edited=\u00a0\u00bbon|phone\u00a0\u00bb border_width_bottom=\u00a0\u00bb0px\u00a0\u00bb border_color_bottom=\u00a0\u00bbrgba(0,0,0,0.12)\u00a0\u00bb locked=\u00a0\u00bboff\u00a0\u00bb global_colors_info=\u00a0\u00bb{}\u00a0\u00bb]<\/p>\n<p style=\"text-align: justify;\">La CAFDO est une communaut\u00e9 f\u00e9d\u00e9ratrice, impactante, dynamique, et catalyseuse de la culture de l\u2019ouverture des donn\u00e9es, de son acc\u00e8s et de son utilisation contribuant au d\u00e9veloppement et \u00e0 l\u2019am\u00e9lioration des vies des populations.<\/p>\n<p>[\/et_pb_blurb][et_pb_image src=\u00a0\u00bbhttp:\/\/localhost\/cafdo\/wp-content\/uploads\/2024\/05\/NGO-img-02.png\u00a0\u00bb title_text=\u00a0\u00bbNGO-img-02&Prime; _builder_version=\u00a0\u00bb4.16&Prime; _module_preset=\u00a0\u00bbdefault\u00a0\u00bb positioning=\u00a0\u00bbabsolute\u00a0\u00bb position_origin_a=\u00a0\u00bbtop_right\u00a0\u00bb position_origin_a_last_edited=\u00a0\u00bboff|desktop\u00a0\u00bb position_origin_f_last_edited=\u00a0\u00bboff|desktop\u00a0\u00bb position_origin_r_last_edited=\u00a0\u00bboff|desktop\u00a0\u00bb width=\u00a0\u00bb60%\u00a0\u00bb width_last_edited=\u00a0\u00bboff|tablet\u00a0\u00bb custom_margin=\u00a0\u00bb-20%|-40%|||false|false\u00a0\u00bb custom_margin_tablet=\u00a0\u00bb94px||-135px||false|false\u00a0\u00bb custom_margin_phone=\u00a0\u00bb115px||-110px||false|false\u00a0\u00bb custom_margin_last_edited=\u00a0\u00bboff|desktop\u00a0\u00bb positioning_tablet=\u00a0\u00bbnone\u00a0\u00bb positioning_last_edited=\u00a0\u00bboff|desktop\u00a0\u00bb global_colors_info=\u00a0\u00bb{}\u00a0\u00bb][\/et_pb_image][\/et_pb_column][\/et_pb_row][et_pb_row _builder_version=\u00a0\u00bb4.16&Prime; _module_preset=\u00a0\u00bbdefault\u00a0\u00bb global_colors_info=\u00a0\u00bb{}\u00a0\u00bb][et_pb_column type=\u00a0\u00bb4_4&Prime; _builder_version=\u00a0\u00bb4.16&Prime; _module_preset=\u00a0\u00bbdefault\u00a0\u00bb global_colors_info=\u00a0\u00bb{}\u00a0\u00bb][et_pb_video src=\u00a0\u00bbhttps:\/\/www.youtube.com\/watch?v=MWMkbJia7xs&#038;ab_channel=ANPTICDCRP\u00a0\u00bb image_src=\u00a0\u00bbhttp:\/\/localhost\/cafdo\/wp-content\/uploads\/2024\/05\/0-96ea7160-bb6a-49f8-88ca-281abab97996-800&#215;800.jpg\u00a0\u00bb _builder_version=\u00a0\u00bb4.25.1&Prime; _module_preset=\u00a0\u00bbdefault\u00a0\u00bb hover_enabled=\u00a0\u00bb0&Prime; border_radii=\u00a0\u00bbon|20px|20px|20px|20px\u00a0\u00bb global_colors_info=\u00a0\u00bb{}\u00a0\u00bb sticky_enabled=\u00a0\u00bb0&Prime;][\/et_pb_video][\/et_pb_column][\/et_pb_row][\/et_pb_section]<\/p>\n","protected":false},"excerpt":{"rendered":"<p>Qui sommes-nous?La CAFDO est une initiative d\u00e9di\u00e9e \u00e0 la promotion et au renforcement de l&rsquo;ouverture des donn\u00e9es \u00e0 travers la r\u00e9gion francophone du continent africain. Fond\u00e9e sur les principes de transparence, de collaboration et d&rsquo;innovation, la CAFDO vise \u00e0 am\u00e9liorer l&rsquo;acc\u00e8s aux donn\u00e9es publiques et \u00e0 encourager leur utilisation pour le d\u00e9veloppement durable. En r\u00e9unissant [&hellip;]<\/p>\n","protected":false},"author":1,"featured_media":0,"parent":0,"menu_order":0,"comment_status":"closed","ping_status":"closed","template":"","meta":{"_et_pb_use_builder":"on","_et_pb_old_content":"","_et_gb_content_width":"","footnotes":""},"class_list":["post-153","page","type-page","status-publish","hentry"],"_links":{"self":[{"href":"https:\/\/www.cafdo.africa\/index.php?rest_route=\/wp\/v2\/pages\/153","targetHints":{"allow":["GET"]}}],"collection":[{"href":"https:\/\/www.cafdo.africa\/index.php?rest_route=\/wp\/v2\/pages"}],"about":[{"href":"https:\/\/www.cafdo.africa\/index.php?rest_route=\/wp\/v2\/types\/page"}],"author":[{"embeddable":true,"href":"https:\/\/www.cafdo.africa\/index.php?rest_route=\/wp\/v2\/users\/1"}],"replies":[{"embeddable":true,"href":"https:\/\/www.cafdo.africa\/index.php?rest_route=%2Fwp%2Fv2%2Fcomments&post=153"}],"version-history":[{"count":22,"href":"https:\/\/www.cafdo.africa\/index.php?rest_route=\/wp\/v2\/pages\/153\/revisions"}],"predecessor-version":[{"id":540,"href":"https:\/\/www.cafdo.africa\/index.php?rest_route=\/wp\/v2\/pages\/153\/revisions\/540"}],"wp:attachment":[{"href":"https:\/\/www.cafdo.africa\/index.php?rest_route=%2Fwp%2Fv2%2Fmedia&parent=153"}],"curies":[{"name":"wp","href":"https:\/\/api.w.org\/{rel}","templated":true}]}}